{"id":322,"date":"2024-05-28T08:39:59","date_gmt":"2024-05-28T08:39:59","guid":{"rendered":"https:\/\/trasparenza-arera.sogepu.com\/?page_id=322"},"modified":"2025-07-03T09:56:20","modified_gmt":"2025-07-03T09:56:20","slug":"regole-del-calcolo-della-tariffa","status":"publish","type":"page","link":"https:\/\/trasparenza-arera.sogepu.com\/?page_id=322","title":{"rendered":"REGOLE DEL CALCOLO DELLA TARIFFA"},"content":{"rendered":"\n<p>Le Tariffe TARI sono articolate in fasce di utenza domestica e non domestica cos\u00ec composte:&nbsp;&nbsp;<\/p>\n\n\n\n<ul class=\"wp-block-list\">\n<li>per le utenze domestiche: una parte fissa riferita ai metri quadrati dell&#8217;immobile ed al numero dei componenti del nucleo familiare e da una parte variabile, riferita al numero dei componenti del nucleo familiare come risultanti dagli archivi tributari ed anagrafici del Comune.&nbsp;<\/li>\n<\/ul>\n\n\n\n<p>Modalit\u00e0 di calcolo utenza domestica = (quota fissa unitaria x Mq) + quota variabile. Le quote sono individuate secondo il numero dei componenti.&nbsp;&nbsp;<\/p>\n\n\n\n<p><mark style=\"background-color:#abb8c3\" class=\"has-inline-color\"><strong>Esempio di calcolo tari per un\u2019utenza domestica con nucleo abitativo di due componenti ed una superficie pari a 100 mq<\/strong> <strong>su base annua (365gg)<\/strong><\/mark><\/p>\n\n\n\n<p><strong>Tariffe deliberate nell\u2019anno 2025&nbsp;<\/strong><\/p>\n\n\n\n<p>Quota fissa: 0,85 \u20ac&nbsp;&nbsp;<\/p>\n\n\n\n<p>Quota variabile: 149,02 \u20ac&nbsp;&nbsp;<\/p>\n\n\n\n<p>Secondo la modalit\u00e0 di calcolo si ottiene quanto segue:&nbsp;&nbsp;<\/p>\n\n\n\n<p>quota fissa = 0,85&#215;100 mq = 85,00 \u20ac&nbsp;&nbsp;<\/p>\n\n\n\n<p>quota variabile = 149,02 \u20ac&nbsp;&nbsp;<\/p>\n\n\n\n<p>addizionale provinciale = 0,05 x (85,00 + 149,02) = 11,70<\/p>\n\n\n\n<p><strong>TOTALE AVVISO: 85,00+149,02+11,70=245,72 \u20ac + 7,60 (componenti perequative) = 253,32<\/strong><\/p>\n\n\n\n<ul class=\"wp-block-list\">\n<li>per le utenze non domestiche: una parte fissa ed una parte variabile, che tiene conto della superficie dell&#8217;immobile e della potenziale produzione di rifiuti connessa alla tipologia di attivit\u00e0 esercitata.&nbsp;&nbsp;<\/li>\n<\/ul>\n\n\n\n<p>Modalit\u00e0 di calcolo utenza non domestica = [(quota fissa unitaria + quota variabile unitaria) x Mq].&nbsp;<\/p>\n\n\n\n<p><mark style=\"background-color:#abb8c3\" class=\"has-inline-color\"><strong>Esempio di calcolo tari per un\u2019utenza non domestica rientrante, ad esempio, in attivit\u00e0 artigianali di produzione beni specifici (cat. 21) con una superficie di 100 mq su base annua (365 gg)<\/strong><\/mark><\/p>\n\n\n\n<p><strong>Tariffe deliberate nell\u2019anno 2025 per le attivit\u00e0 artigianali&nbsp;<\/strong>&nbsp;<\/p>\n\n\n\n<p>Quota fissa: 0,84 \u20ac&nbsp;&nbsp;<\/p>\n\n\n\n<p>Quota variabile: 1,04 \u20ac&nbsp;<\/p>\n\n\n\n<p>Secondo la modalit\u00e0 di calcolo si ottiene quanto segue:&nbsp;&nbsp;<\/p>\n\n\n\n<p>quota fissa= 0,84&#215;100 mq= 84,00 \u20ac&nbsp;&nbsp;<\/p>\n\n\n\n<p>quota variabile= 1,04&#215;100 mq= 104,00 \u20ac&nbsp;&nbsp;<\/p>\n\n\n\n<p>addizionale provinciale= 0,05 x (84,00 + 104,00) = 9,40 \u20ac&nbsp;&nbsp;<\/p>\n\n\n\n<p><strong>TOTALE AVVISO: <strong>84,00+104,00+9,40=197,40 \u20ac<\/strong><\/strong>&nbsp;<strong>+ 7,60 (componenti perequative) = 205,00<\/strong><\/p>\n\n\n\n<p>La quota fissa \u00e8 finalizzata alla copertura integrale delle componenti essenziali del costo del servizio rifiuti; la quota variabile \u00e8 rapportata alla quantit\u00e0 dei rifiuti prodotti e conferiti al servizio fornito e all\u2019entit\u00e0 dei costi di gestione.&nbsp;<\/p>\n\n\n\n<p>A decorrere dall\u20191 gennaio 2024, con delibera ARERA N. 386\/2023\/R\/RIF del 23\/08\/2023, sono state istituite le seguenti componenti perequative unitarie che si applicano a tutte le utenze del servizio di gestione dei rifiuti urbani in aggiunta al corrispettivo dovuto per la TARI:<br>a) \ud835\udc48\ud835\udc451,\ud835\udc4e, per la copertura dei costi di gestione dei rifiuti accidentalmente pescati e dei rifiuti volontariamente raccolti pari a 0,10 euro\/utenza per anno;<br>b) \ud835\udc48\ud835\udc452,\ud835\udc4e, per la copertura delle agevolazioni riconosciute per eventi eccezionali e calamitosi, pari a 1,50 euro\/utenza per anno.&nbsp;<\/p>\n\n\n\n<p>A decorrere dall&#8217;1 gennaio 2025 con delibera ARERA 133\/205\/R\/RIF \u00e8 stata istituita la componente perequativa \ud835\udc48\ud835\udc453,\ud835\udc4e a destinata al finanziamento del bonus sociale per la TARI, pari a 6,00 euro\/utenza per anno.<\/p>\n\n\n\n<p>Per l\u2019applicazione di eventuali riduzioni\/esenzioni si rimanda agli articoli n. 24, 25, 26, 27 del vigente Regolamento Comunale TARI, consultabile al seguente link:<\/p>\n\n\n\n<p>  <a href=\"https:\/\/trasparenza-arera.sogepu.com\/wp-content\/uploads\/2024\/05\/CDC_REGOLAMENTO_TARI_2023.pdf\">https:\/\/trasparenza-arera.sogepu.com\/wp-content\/uploads\/2024\/05\/CDC_REGOLAMENTO_TARI_2023.pdf<\/a><\/p>\n\n\n\n<p><\/p>\n","protected":false},"excerpt":{"rendered":"<p>Le Tariffe TARI sono articolate in fasce di utenza domestica e non domestica cos\u00ec composte:&nbsp;&nbsp; Modalit\u00e0 di calcolo utenza domestica = (quota fissa unitaria x Mq) + quota variabile. Le quote sono individuate secondo il numero dei componenti.&nbsp;&nbsp; Esempio di calcolo tari per un\u2019utenza domestica con nucleo abitativo di due componenti ed una superficie pari [&hellip;]<\/p>\n","protected":false},"author":3,"featured_media":0,"parent":0,"menu_order":0,"comment_status":"closed","ping_status":"closed","template":"","meta":{"_joinchat":[],"footnotes":""},"class_list":["post-322","page","type-page","status-publish","hentry"],"blocksy_meta":[],"_links":{"self":[{"href":"https:\/\/trasparenza-arera.sogepu.com\/index.php?rest_route=\/wp\/v2\/pages\/322","targetHints":{"allow":["GET"]}}],"collection":[{"href":"https:\/\/trasparenza-arera.sogepu.com\/index.php?rest_route=\/wp\/v2\/pages"}],"about":[{"href":"https:\/\/trasparenza-arera.sogepu.com\/index.php?rest_route=\/wp\/v2\/types\/page"}],"author":[{"embeddable":true,"href":"https:\/\/trasparenza-arera.sogepu.com\/index.php?rest_route=\/wp\/v2\/users\/3"}],"replies":[{"embeddable":true,"href":"https:\/\/trasparenza-arera.sogepu.com\/index.php?rest_route=%2Fwp%2Fv2%2Fcomments&post=322"}],"version-history":[{"count":10,"href":"https:\/\/trasparenza-arera.sogepu.com\/index.php?rest_route=\/wp\/v2\/pages\/322\/revisions"}],"predecessor-version":[{"id":1981,"href":"https:\/\/trasparenza-arera.sogepu.com\/index.php?rest_route=\/wp\/v2\/pages\/322\/revisions\/1981"}],"wp:attachment":[{"href":"https:\/\/trasparenza-arera.sogepu.com\/index.php?rest_route=%2Fwp%2Fv2%2Fmedia&parent=322"}],"curies":[{"name":"wp","href":"https:\/\/api.w.org\/{rel}","templated":true}]}}