{"id":629,"date":"2024-05-24T11:31:17","date_gmt":"2024-05-24T11:31:17","guid":{"rendered":"https:\/\/trasparenza-arera.sogepu.com\/?page_id=629"},"modified":"2024-05-24T11:31:17","modified_gmt":"2024-05-24T11:31:17","slug":"compostaggio-domestico","status":"publish","type":"page","link":"https:\/\/trasparenza-arera.sogepu.com\/?page_id=629","title":{"rendered":"COMPOSTAGGIO DOMESTICO"},"content":{"rendered":"\n<p>Il compostaggio domestico permette di smaltire autonomamente alcuni tipi di rifiuti domestici, inserendoli in un contenitore specifico chiamato composter o compostiera.<\/p>\n\n\n\n<p>Questo processo consente di gestire i rifiuti domestici riproducendo il ciclo naturale. Accelerando controllatamente la decomposizione di certi rifiuti, come avanzi di cibo, residui di potatura, scarti di giardinaggio, foglie e letame, si ottiene il compost, un terriccio eccellente per giardinaggio e agricoltura.<\/p>\n\n\n\n<p>Il compostaggio trasforma la materia organica in fertilizzante attraverso un processo che avviene naturalmente, grazie all&#8217;azione di microorganismi in un ambiente aerobico, cio\u00e8 ricco di ossigeno.<\/p>\n\n\n\n<p>Il compostaggio domestico riduce la quantit\u00e0 totale di rifiuti e pu\u00f2 portare vantaggi economici, come sconti sulla tassa dei rifiuti; il compost prodotto pu\u00f2 essere utilizzato, ad esempio, per fertilizzare le piante del giardino e dell&#8217;orto.<\/p>\n\n\n\n<p>Per aderire al progetto del compostaggio domestico il primo passo \u00e8 richiedere una compostiera. Per ottenerla \u00e8 necessario <\/p>\n\n\n\n<p><\/p>\n","protected":false},"excerpt":{"rendered":"<p>Il compostaggio domestico permette di smaltire autonomamente alcuni tipi di rifiuti domestici, inserendoli in un contenitore specifico chiamato composter o compostiera. Questo processo consente di gestire i rifiuti domestici riproducendo il ciclo naturale. Accelerando controllatamente la decomposizione di certi rifiuti, come avanzi di cibo, residui di potatura, scarti di giardinaggio, foglie e letame, si ottiene [&hellip;]<\/p>\n","protected":false},"author":3,"featured_media":0,"parent":0,"menu_order":0,"comment_status":"closed","ping_status":"closed","template":"","meta":{"_joinchat":[],"footnotes":""},"class_list":["post-629","page","type-page","status-publish","hentry"],"blocksy_meta":[],"_links":{"self":[{"href":"https:\/\/trasparenza-arera.sogepu.com\/index.php?rest_route=\/wp\/v2\/pages\/629","targetHints":{"allow":["GET"]}}],"collection":[{"href":"https:\/\/trasparenza-arera.sogepu.com\/index.php?rest_route=\/wp\/v2\/pages"}],"about":[{"href":"https:\/\/trasparenza-arera.sogepu.com\/index.php?rest_route=\/wp\/v2\/types\/page"}],"author":[{"embeddable":true,"href":"https:\/\/trasparenza-arera.sogepu.com\/index.php?rest_route=\/wp\/v2\/users\/3"}],"replies":[{"embeddable":true,"href":"https:\/\/trasparenza-arera.sogepu.com\/index.php?rest_route=%2Fwp%2Fv2%2Fcomments&post=629"}],"version-history":[{"count":1,"href":"https:\/\/trasparenza-arera.sogepu.com\/index.php?rest_route=\/wp\/v2\/pages\/629\/revisions"}],"predecessor-version":[{"id":653,"href":"https:\/\/trasparenza-arera.sogepu.com\/index.php?rest_route=\/wp\/v2\/pages\/629\/revisions\/653"}],"wp:attachment":[{"href":"https:\/\/trasparenza-arera.sogepu.com\/index.php?rest_route=%2Fwp%2Fv2%2Fmedia&parent=629"}],"curies":[{"name":"wp","href":"https:\/\/api.w.org\/{rel}","templated":true}]}}