{"id":858,"date":"2024-05-27T14:52:57","date_gmt":"2024-05-27T14:52:57","guid":{"rendered":"https:\/\/trasparenza-arera.sogepu.com\/?page_id=858"},"modified":"2024-06-04T14:28:17","modified_gmt":"2024-06-04T14:28:17","slug":"sezione-tari-gualdo-tadino","status":"publish","type":"page","link":"https:\/\/trasparenza-arera.sogepu.com\/?page_id=858","title":{"rendered":"SEZIONE TARI: GUALDO TADINO"},"content":{"rendered":"\t\t<div data-elementor-type=\"wp-page\" data-elementor-id=\"858\" class=\"elementor elementor-858\">\n\t\t\t\t<div class=\"elementor-element elementor-element-3053ccdb e-flex e-con-boxed e-con e-parent\" data-id=\"3053ccdb\" data-element_type=\"container\" data-e-type=\"container\">\n\t\t\t\t\t<div class=\"e-con-inner\">\n\t\t\t\t<div class=\"elementor-element elementor-element-73cb9929 elementor-widget elementor-widget-text-editor\" data-id=\"73cb9929\" data-element_type=\"widget\" data-e-type=\"widget\" data-widget_type=\"text-editor.default\">\n\t\t\t\t<div class=\"elementor-widget-container\">\n\t\t\t\t\t\t\t\t\t\n<p>La TARI, acronimo di Tassa sui Rifiuti, \u00e8 stata introdotta a decorrere dal 2014, dalla Legge 27 dicembre 2013, n. 147 e ss.mm.ii (Legge di Stabilit\u00e0). ed \u00e8 il tributo destinato a finanziare i costi relativi al servizio di raccolta e smaltimento dei rifiuti.<\/p>\n\n<p>Deve essere pagata da chiunque possieda, detenga od occupi a qualsiasi titolo e anche di fatto, locali o aree scoperte che possono produrre rifiuti urbani.<\/p>\n\n<p>Per conoscere il Regolamento per la disciplina della tassa nel Comune di Gualdo Tadino, informazioni e modulistica:<\/p>\n\n<h4 class=\"wp-block-heading\"><span style=\"text-decoration: underline;\"><a href=\"https:\/\/comune.gualdo-tadino.pg.it\/menu\/2362143\/tassa-rifiuti\"><strong>CLICCA QUI<\/strong><\/a><\/span><\/h4>\n\t\t\t\t\t\t\t\t<\/div>\n\t\t\t\t<\/div>\n\t\t\t\t\t<\/div>\n\t\t\t\t<\/div>\n\t\t\t\t<\/div>\n\t\t","protected":false},"excerpt":{"rendered":"<p>La TARI, acronimo di Tassa sui Rifiuti, \u00e8 stata introdotta a decorrere dal 2014, dalla Legge 27 dicembre 2013, n. 147 e ss.mm.ii (Legge di Stabilit\u00e0). ed \u00e8 il tributo destinato a finanziare i costi relativi al servizio di raccolta e smaltimento dei rifiuti. Deve essere pagata da chiunque possieda, detenga od occupi a qualsiasi [&hellip;]<\/p>\n","protected":false},"author":2,"featured_media":0,"parent":0,"menu_order":0,"comment_status":"closed","ping_status":"closed","template":"","meta":{"_joinchat":[],"footnotes":""},"class_list":["post-858","page","type-page","status-publish","hentry"],"blocksy_meta":[],"_links":{"self":[{"href":"https:\/\/trasparenza-arera.sogepu.com\/index.php?rest_route=\/wp\/v2\/pages\/858","targetHints":{"allow":["GET"]}}],"collection":[{"href":"https:\/\/trasparenza-arera.sogepu.com\/index.php?rest_route=\/wp\/v2\/pages"}],"about":[{"href":"https:\/\/trasparenza-arera.sogepu.com\/index.php?rest_route=\/wp\/v2\/types\/page"}],"author":[{"embeddable":true,"href":"https:\/\/trasparenza-arera.sogepu.com\/index.php?rest_route=\/wp\/v2\/users\/2"}],"replies":[{"embeddable":true,"href":"https:\/\/trasparenza-arera.sogepu.com\/index.php?rest_route=%2Fwp%2Fv2%2Fcomments&post=858"}],"version-history":[{"count":11,"href":"https:\/\/trasparenza-arera.sogepu.com\/index.php?rest_route=\/wp\/v2\/pages\/858\/revisions"}],"predecessor-version":[{"id":1134,"href":"https:\/\/trasparenza-arera.sogepu.com\/index.php?rest_route=\/wp\/v2\/pages\/858\/revisions\/1134"}],"wp:attachment":[{"href":"https:\/\/trasparenza-arera.sogepu.com\/index.php?rest_route=%2Fwp%2Fv2%2Fmedia&parent=858"}],"curies":[{"name":"wp","href":"https:\/\/api.w.org\/{rel}","templated":true}]}}