{"id":931,"date":"2024-05-28T10:29:06","date_gmt":"2024-05-28T10:29:06","guid":{"rendered":"https:\/\/trasparenza-arera.sogepu.com\/?page_id=931"},"modified":"2024-05-28T10:29:39","modified_gmt":"2024-05-28T10:29:39","slug":"sezione-tari-montone","status":"publish","type":"page","link":"https:\/\/trasparenza-arera.sogepu.com\/?page_id=931","title":{"rendered":"SEZIONE TARI: MONTONE"},"content":{"rendered":"\n<p>La TARI, acronimo di Tassa sui Rifiuti, \u00e8 stata introdotta a decorrere dal 2014, dalla Legge 27 dicembre 2013, n. 147 e ss.mm.ii (Legge di Stabilit\u00e0) ed \u00e8 il tributo destinato a finanziare i costi relativi al servizio di raccolta e smaltimento dei rifiuti.<\/p>\n\n\n\n<p>Deve essere pagata da chiunque possieda, detenga od occupi a qualsiasi titolo e anche di fatto, locali o aree scoperte che possono produrre rifiuti urbani.<\/p>\n\n\n\n<p>Per conoscere il Regolamento per la disciplina della tassa nel Comune di Montone, informazioni e modulistica:<\/p>\n\n\n\n<h4 class=\"wp-block-heading\"><strong><a href=\"https:\/\/www.comunemontone.it\/modulistica\/tasse-e-tributi.html\">CLICCA QUI<\/a><\/strong><\/h4>\n","protected":false},"excerpt":{"rendered":"<p>La TARI, acronimo di Tassa sui Rifiuti, \u00e8 stata introdotta a decorrere dal 2014, dalla Legge 27 dicembre 2013, n. 147 e ss.mm.ii (Legge di Stabilit\u00e0) ed \u00e8 il tributo destinato a finanziare i costi relativi al servizio di raccolta e smaltimento dei rifiuti. Deve essere pagata da chiunque possieda, detenga od occupi a qualsiasi [&hellip;]<\/p>\n","protected":false},"author":3,"featured_media":0,"parent":0,"menu_order":0,"comment_status":"closed","ping_status":"closed","template":"","meta":{"_joinchat":[],"footnotes":""},"class_list":["post-931","page","type-page","status-publish","hentry"],"blocksy_meta":[],"_links":{"self":[{"href":"https:\/\/trasparenza-arera.sogepu.com\/index.php?rest_route=\/wp\/v2\/pages\/931","targetHints":{"allow":["GET"]}}],"collection":[{"href":"https:\/\/trasparenza-arera.sogepu.com\/index.php?rest_route=\/wp\/v2\/pages"}],"about":[{"href":"https:\/\/trasparenza-arera.sogepu.com\/index.php?rest_route=\/wp\/v2\/types\/page"}],"author":[{"embeddable":true,"href":"https:\/\/trasparenza-arera.sogepu.com\/index.php?rest_route=\/wp\/v2\/users\/3"}],"replies":[{"embeddable":true,"href":"https:\/\/trasparenza-arera.sogepu.com\/index.php?rest_route=%2Fwp%2Fv2%2Fcomments&post=931"}],"version-history":[{"count":2,"href":"https:\/\/trasparenza-arera.sogepu.com\/index.php?rest_route=\/wp\/v2\/pages\/931\/revisions"}],"predecessor-version":[{"id":934,"href":"https:\/\/trasparenza-arera.sogepu.com\/index.php?rest_route=\/wp\/v2\/pages\/931\/revisions\/934"}],"wp:attachment":[{"href":"https:\/\/trasparenza-arera.sogepu.com\/index.php?rest_route=%2Fwp%2Fv2%2Fmedia&parent=931"}],"curies":[{"name":"wp","href":"https:\/\/api.w.org\/{rel}","templated":true}]}}